{"id":71,"date":"2021-12-12T06:34:09","date_gmt":"2021-12-12T06:34:09","guid":{"rendered":"https:\/\/demosites.royal-elementor-addons.com\/ittech-v2\/?page_id=71"},"modified":"2026-01-07T23:22:01","modified_gmt":"2026-01-07T23:22:01","slug":"contact","status":"publish","type":"page","link":"https:\/\/centraldesegurosecuador.com\/wp\/contact\/","title":{"rendered":"Contact"},"content":{"rendered":"\t\t<div data-elementor-type=\"wp-page\" data-elementor-id=\"71\" class=\"elementor elementor-71\">\n\t\t\t\t\t\t<section class=\"elementor-section elementor-top-section elementor-element elementor-element-7a8fd4a4 elementor-section-height-min-height elementor-section-content-middle elementor-section-boxed elementor-section-height-default elementor-section-items-middle wpr-particle-no wpr-jarallax-no wpr-parallax-no wpr-sticky-section-no wpr-column-slider-no wpr-equal-height-no\" data-id=\"7a8fd4a4\" data-element_type=\"section\" data-e-type=\"section\" data-settings=\"{&quot;background_background&quot;:&quot;classic&quot;}\">\n\t\t\t\t\t\t\t<div class=\"elementor-background-overlay\"><\/div>\n\t\t\t\t\t\t\t<div class=\"elementor-container elementor-column-gap-default\">\n\t\t\t\t\t<div class=\"elementor-column elementor-col-100 elementor-top-column elementor-element elementor-element-459d8d22\" data-id=\"459d8d22\" data-element_type=\"column\" data-e-type=\"column\">\n\t\t\t<div class=\"elementor-widget-wrap elementor-element-populated\">\n\t\t\t\t\t\t<div class=\"elementor-element elementor-element-61088894 elementor-widget elementor-widget-heading\" data-id=\"61088894\" data-element_type=\"widget\" data-e-type=\"widget\" data-widget_type=\"heading.default\">\n\t\t\t\t\t<h2 class=\"elementor-heading-title elementor-size-default\">Es un  gusto ayudarle, d\u00e9jenos sus comentarios y dudas.<\/h2>\t\t\t\t<\/div>\n\t\t\t\t\t<\/div>\n\t\t<\/div>\n\t\t\t\t\t<\/div>\n\t\t<\/section>\n\t\t<div class=\"elementor-element elementor-element-f01753f e-flex e-con-boxed wpr-particle-no wpr-jarallax-no wpr-parallax-no wpr-sticky-section-no wpr-column-slider-no wpr-equal-height-no e-con e-parent\" data-id=\"f01753f\" data-element_type=\"container\" data-e-type=\"container\">\n\t\t\t\t\t<div class=\"e-con-inner\">\n\t\t\t\t<div class=\"elementor-element elementor-element-0834071 elementor-widget elementor-widget-text-editor\" data-id=\"0834071\" data-element_type=\"widget\" data-e-type=\"widget\" data-widget_type=\"text-editor.default\">\n\t\t\t\t\t\t\t\t\t<h2 id=\"cotiza-ahora\" class=\"mb-2 mt-4 font-display font-semimedium text-base first:mt-0 md:text-lg [hr+&amp;]:mt-4\"><span dir=\"auto\" style=\"color: #ffffff;\">COTIZA AHORA<\/span><\/h2><p class=\"my-2 [&amp;+p]:mt-4 [&amp;_strong:has(+br)]:inline-block [&amp;_strong:has(+br)]:pb-2\"><span dir=\"auto\" style=\"color: #ffffff;\">\u00bfLISTO PARA VIVIR UNA VIDA\u00a0 SIN PREOCUPACIONES?<\/span><br \/><span dir=\"auto\" style=\"color: #ffffff;\">Complete el formulario y obtenga su propuesta personalizada en minutos.<\/span><br \/><span dir=\"auto\" style=\"color: #ffffff;\">[Formulario de atenci\u00f3n]<\/span><br \/><span dir=\"auto\" style=\"color: #ffffff;\">\u00bfPrefieres inmediata? Escr\u00edbenos por WhatsApp o ll\u00e1manos.<\/span><\/p>\t\t\t\t\t\t\t\t<\/div>\n\t\t\t\t\t<\/div>\n\t\t\t\t<\/div>\n\t\t\t\t<section class=\"elementor-section elementor-top-section elementor-element elementor-element-705523a elementor-section-boxed elementor-section-height-default elementor-section-height-default wpr-particle-no wpr-jarallax-no wpr-parallax-no wpr-sticky-section-no wpr-column-slider-no wpr-equal-height-no\" data-id=\"705523a\" data-element_type=\"section\" data-e-type=\"section\">\n\t\t\t\t\t\t\t<div class=\"elementor-background-overlay\"><\/div>\n\t\t\t\t\t\t\t<div class=\"elementor-container elementor-column-gap-default\">\n\t\t\t\t\t<div class=\"elementor-column elementor-col-50 elementor-top-column elementor-element elementor-element-8bfb020\" data-id=\"8bfb020\" data-element_type=\"column\" data-e-type=\"column\" data-settings=\"{&quot;background_background&quot;:&quot;classic&quot;}\">\n\t\t\t<div class=\"elementor-widget-wrap elementor-element-populated\">\n\t\t\t\t\t\t<div class=\"elementor-element elementor-element-397f7c7f elementor-widget elementor-widget-heading\" data-id=\"397f7c7f\" data-element_type=\"widget\" data-e-type=\"widget\" data-widget_type=\"heading.default\">\n\t\t\t\t\t<h2 class=\"elementor-heading-title elementor-size-default\">Mas Informaci\u00f3n<\/h2>\t\t\t\t<\/div>\n\t\t\t\t<div class=\"elementor-element elementor-element-835b78b elementor-widget elementor-widget-text-editor\" data-id=\"835b78b\" data-element_type=\"widget\" data-e-type=\"widget\" data-widget_type=\"text-editor.default\">\n\t\t\t\t\t\t\t\t\t<h2 id=\"contacto\" class=\"mb-2 mt-4 font-display font-semimedium text-base first:mt-0 md:text-lg [hr+&amp;]:mt-4\"><em><strong><span dir=\"auto\" style=\"color: #333399;\">CONTACTO<\/span><\/strong><\/em><\/h2><ul class=\"marker:text-quiet list-disc\"><li class=\"py-0 my-0 prose-p:pt-0 prose-p:mb-2 prose-p:my-0 [&amp;&gt;p]:pt-0 [&amp;&gt;p]:mb-2 [&amp;&gt;p]:my-0\"><p class=\"my-2 [&amp;+p]:mt-4 [&amp;_strong:has(+br)]:inline-block [&amp;_strong:has(+br)]:pb-2\"><em><strong><span dir=\"auto\" style=\"color: #333399;\">Direcci\u00f3n: Guayaquil, Cdla. Guayaquil, Mz. 2 Solar 6, 2do Piso<\/span><\/strong><\/em><\/p><\/li><li class=\"py-0 my-0 prose-p:pt-0 prose-p:mb-2 prose-p:my-0 [&amp;&gt;p]:pt-0 [&amp;&gt;p]:mb-2 [&amp;&gt;p]:my-0\"><p class=\"my-2 [&amp;+p]:mt-4 [&amp;_strong:has(+br)]:inline-block [&amp;_strong:has(+br)]:pb-2\"><em><strong><span dir=\"auto\" style=\"color: #333399;\">Tel\u00e9fono, WhatsApp 0984582190, leonel.cedeno@centraldesegurosecuador.com\u00a0 y enlaces a redes sociales<\/span><\/strong><\/em><\/p><\/li><li class=\"py-0 my-0 prose-p:pt-0 prose-p:mb-2 prose-p:my-0 [&amp;&gt;p]:pt-0 [&amp;&gt;p]:mb-2 [&amp;&gt;p]:my-0\"><p class=\"my-2 [&amp;+p]:mt-4 [&amp;_strong:has(+br)]:inline-block [&amp;_strong:has(+br)]:pb-2\"><em><strong><span dir=\"auto\" style=\"color: #333399;\">Horarios de atenci\u00f3n<\/span><\/strong><\/em><\/p><\/li><\/ul>\t\t\t\t\t\t\t\t<\/div>\n\t\t\t\t\t<\/div>\n\t\t<\/div>\n\t\t\t\t<div class=\"elementor-column elementor-col-50 elementor-top-column elementor-element elementor-element-a2c974d\" data-id=\"a2c974d\" data-element_type=\"column\" data-e-type=\"column\" data-settings=\"{&quot;background_background&quot;:&quot;classic&quot;}\">\n\t\t\t<div class=\"elementor-widget-wrap elementor-element-populated\">\n\t\t\t\t\t\t<div class=\"elementor-element elementor-element-0af190d wpr-forms-submit-justify wpr-forms-align-left elementor-widget elementor-widget-wpr-forms\" data-id=\"0af190d\" data-element_type=\"widget\" data-e-type=\"widget\" data-widget_type=\"wpr-forms.default\">\n\t\t\t\t\t<div class=\"wpr-forms-container wpr-custom-chk-radio\">\n<div class=\"wpcf7 no-js\" id=\"wpcf7-f7-o1\" lang=\"es-ES\" dir=\"ltr\" data-wpcf7-id=\"7\">\n<div class=\"screen-reader-response\"><p role=\"status\" aria-live=\"polite\" aria-atomic=\"true\"><\/p> <ul><\/ul><\/div>\n<form action=\"\/wp\/wp-json\/wp\/v2\/pages\/71#wpcf7-f7-o1\" method=\"post\" class=\"wpcf7-form init\" aria-label=\"Formulario de contacto\" novalidate=\"novalidate\" data-status=\"init\">\n<fieldset class=\"hidden-fields-container\"><input type=\"hidden\" name=\"_wpcf7\" value=\"7\" \/><input type=\"hidden\" name=\"_wpcf7_version\" value=\"6.1.5\" \/><input type=\"hidden\" name=\"_wpcf7_locale\" value=\"es_ES\" \/><input type=\"hidden\" name=\"_wpcf7_unit_tag\" value=\"wpcf7-f7-o1\" \/><input type=\"hidden\" name=\"_wpcf7_container_post\" value=\"0\" \/><input type=\"hidden\" name=\"_wpcf7_posted_data_hash\" value=\"\" \/>\n<\/fieldset>\n<p><label> Tu nombre<br \/>\n<span class=\"wpcf7-form-control-wrap\" data-name=\"your-name\"><input size=\"40\" maxlength=\"400\" class=\"wpcf7-form-control wpcf7-text wpcf7-validates-as-required\" autocomplete=\"name\" aria-required=\"true\" aria-invalid=\"false\" value=\"\" type=\"text\" name=\"your-name\" \/><\/span> <\/label>\n<\/p>\n<p><label>N\u00famero Celular<br \/>\n<span class=\"wpcf7-form-control-wrap\" data-name=\"tel-593\"><input size=\"40\" maxlength=\"400\" class=\"wpcf7-form-control wpcf7-tel wpcf7-validates-as-required wpcf7-text wpcf7-validates-as-tel\" autocomplete=\"tel\" aria-required=\"true\" aria-invalid=\"false\" placeholder=\"0984582190\" value=\"\" type=\"tel\" name=\"tel-593\" \/><\/span><\/label>\n<\/p>\n<p>Tu correo electr\u00f3nico<br \/>\n<span class=\"wpcf7-form-control-wrap\" data-name=\"your-email\"><input size=\"40\" maxlength=\"400\" class=\"wpcf7-form-control wpcf7-email wpcf7-validates-as-required wpcf7-text wpcf7-validates-as-email\" autocomplete=\"email\" aria-required=\"true\" aria-invalid=\"false\" value=\"\" type=\"email\" name=\"your-email\" \/><\/span>\n<\/p>\n<p><label> Asunto<br \/>\n<span class=\"wpcf7-form-control-wrap\" data-name=\"your-subject\"><input size=\"40\" maxlength=\"400\" class=\"wpcf7-form-control wpcf7-text wpcf7-validates-as-required\" aria-required=\"true\" aria-invalid=\"false\" value=\"\" type=\"text\" name=\"your-subject\" \/><\/span> <\/label>\n<\/p>\n<p><label> Mensaje, Requerimiento (opcional)<br \/>\n<span class=\"wpcf7-form-control-wrap\" data-name=\"your-message\"><textarea cols=\"40\" rows=\"10\" maxlength=\"2000\" class=\"wpcf7-form-control wpcf7-textarea\" aria-invalid=\"false\" name=\"your-message\"><\/textarea><\/span> <\/label>\n<\/p>\n<p><input class=\"wpcf7-form-control wpcf7-submit has-spinner\" type=\"submit\" value=\"Enviar\" \/>\n<\/p><div class=\"wpcf7-response-output\" aria-hidden=\"true\"><\/div>\n<\/form>\n<\/div>\n<\/div>\t\t\t\t<\/div>\n\t\t\t\t\t<\/div>\n\t\t<\/div>\n\t\t\t\t\t<\/div>\n\t\t<\/section>\n\t\t\t\t<\/div>\n\t\t","protected":false},"excerpt":{"rendered":"<p>Es un gusto ayudarle, d\u00e9jenos sus comentarios y dudas. COTIZA AHORA \u00bfLISTO PARA VIVIR UNA VIDA\u00a0 SIN PREOCUPACIONES?Complete el formulario y obtenga su propuesta personalizada en minutos.[Formulario de atenci\u00f3n]\u00bfPrefieres inmediata? Escr\u00edbenos por WhatsApp o ll\u00e1manos. Mas Informaci\u00f3n CONTACTO Direcci\u00f3n: Guayaquil, Cdla. Guayaquil, Mz. 2 Solar 6, 2do Piso Tel\u00e9fono, WhatsApp 0984582190, leonel.cedeno@centraldesegurosecuador.com\u00a0 y enlaces a redes sociales Horarios de atenci\u00f3n<\/p>\n","protected":false},"author":1,"featured_media":0,"parent":0,"menu_order":0,"comment_status":"closed","ping_status":"closed","template":"elementor_canvas","meta":{"_joinchat":[],"footnotes":""},"class_list":["post-71","page","type-page","status-publish","hentry"],"yoast_head":"<!-- This site is optimized with the Yoast SEO plugin v27.5 - https:\/\/yoast.com\/product\/yoast-seo-wordpress\/ -->\n<title>Contact - Central de Seguros Ecuador<\/title>\n<meta name=\"robots\" content=\"index, follow, max-snippet:-1, max-image-preview:large, max-video-preview:-1\" \/>\n<link rel=\"canonical\" href=\"https:\/\/centraldesegurosecuador.com\/wp\/contact\/\" \/>\n<meta property=\"og:locale\" content=\"es_ES\" \/>\n<meta property=\"og:type\" content=\"article\" \/>\n<meta property=\"og:title\" content=\"Contact - Central de Seguros Ecuador\" \/>\n<meta property=\"og:description\" content=\"Es un gusto ayudarle, d\u00e9jenos sus comentarios y dudas. COTIZA AHORA \u00bfLISTO PARA VIVIR UNA VIDA\u00a0 SIN PREOCUPACIONES?Complete el formulario y obtenga su propuesta personalizada en minutos.[Formulario de atenci\u00f3n]\u00bfPrefieres inmediata? Escr\u00edbenos por WhatsApp o ll\u00e1manos. Mas Informaci\u00f3n CONTACTO Direcci\u00f3n: Guayaquil, Cdla. Guayaquil, Mz. 2 Solar 6, 2do Piso Tel\u00e9fono, WhatsApp 0984582190, leonel.cedeno@centraldesegurosecuador.com\u00a0 y enlaces a redes sociales Horarios de atenci\u00f3n\" \/>\n<meta property=\"og:url\" content=\"https:\/\/centraldesegurosecuador.com\/wp\/contact\/\" \/>\n<meta property=\"og:site_name\" content=\"Central de Seguros Ecuador\" \/>\n<meta property=\"article:modified_time\" content=\"2026-01-07T23:22:01+00:00\" \/>\n<meta name=\"twitter:card\" content=\"summary_large_image\" \/>\n<script type=\"application\/ld+json\" class=\"yoast-schema-graph\">{\"@context\":\"https:\\\/\\\/schema.org\",\"@graph\":[{\"@type\":\"WebPage\",\"@id\":\"https:\\\/\\\/centraldesegurosecuador.com\\\/wp\\\/contact\\\/\",\"url\":\"https:\\\/\\\/centraldesegurosecuador.com\\\/wp\\\/contact\\\/\",\"name\":\"Contact - Central de Seguros Ecuador\",\"isPartOf\":{\"@id\":\"https:\\\/\\\/centraldesegurosecuador.com\\\/wp\\\/#website\"},\"datePublished\":\"2021-12-12T06:34:09+00:00\",\"dateModified\":\"2026-01-07T23:22:01+00:00\",\"breadcrumb\":{\"@id\":\"https:\\\/\\\/centraldesegurosecuador.com\\\/wp\\\/contact\\\/#breadcrumb\"},\"inLanguage\":\"es\",\"potentialAction\":[{\"@type\":\"ReadAction\",\"target\":[\"https:\\\/\\\/centraldesegurosecuador.com\\\/wp\\\/contact\\\/\"]}]},{\"@type\":\"BreadcrumbList\",\"@id\":\"https:\\\/\\\/centraldesegurosecuador.com\\\/wp\\\/contact\\\/#breadcrumb\",\"itemListElement\":[{\"@type\":\"ListItem\",\"position\":1,\"name\":\"Portada\",\"item\":\"https:\\\/\\\/centraldesegurosecuador.com\\\/wp\\\/\"},{\"@type\":\"ListItem\",\"position\":2,\"name\":\"Contact\"}]},{\"@type\":\"WebSite\",\"@id\":\"https:\\\/\\\/centraldesegurosecuador.com\\\/wp\\\/#website\",\"url\":\"https:\\\/\\\/centraldesegurosecuador.com\\\/wp\\\/\",\"name\":\"Central de Seguros Ecuador\",\"description\":\"Broker de Seguros\",\"publisher\":{\"@id\":\"https:\\\/\\\/centraldesegurosecuador.com\\\/wp\\\/#organization\"},\"potentialAction\":[{\"@type\":\"SearchAction\",\"target\":{\"@type\":\"EntryPoint\",\"urlTemplate\":\"https:\\\/\\\/centraldesegurosecuador.com\\\/wp\\\/?s={search_term_string}\"},\"query-input\":{\"@type\":\"PropertyValueSpecification\",\"valueRequired\":true,\"valueName\":\"search_term_string\"}}],\"inLanguage\":\"es\"},{\"@type\":\"Organization\",\"@id\":\"https:\\\/\\\/centraldesegurosecuador.com\\\/wp\\\/#organization\",\"name\":\"Central de Seguros Ecuador\",\"url\":\"https:\\\/\\\/centraldesegurosecuador.com\\\/wp\\\/\",\"logo\":{\"@type\":\"ImageObject\",\"inLanguage\":\"es\",\"@id\":\"https:\\\/\\\/centraldesegurosecuador.com\\\/wp\\\/#\\\/schema\\\/logo\\\/image\\\/\",\"url\":\"https:\\\/\\\/centraldesegurosecuador.com\\\/wp\\\/wp-content\\\/uploads\\\/2021\\\/12\\\/cropped-logotpios-listosD.png\",\"contentUrl\":\"https:\\\/\\\/centraldesegurosecuador.com\\\/wp\\\/wp-content\\\/uploads\\\/2021\\\/12\\\/cropped-logotpios-listosD.png\",\"width\":2225,\"height\":637,\"caption\":\"Central de Seguros Ecuador\"},\"image\":{\"@id\":\"https:\\\/\\\/centraldesegurosecuador.com\\\/wp\\\/#\\\/schema\\\/logo\\\/image\\\/\"}}]}<\/script>\n<!-- \/ Yoast SEO plugin. -->","yoast_head_json":{"title":"Contact - Central de Seguros Ecuador","robots":{"index":"index","follow":"follow","max-snippet":"max-snippet:-1","max-image-preview":"max-image-preview:large","max-video-preview":"max-video-preview:-1"},"canonical":"https:\/\/centraldesegurosecuador.com\/wp\/contact\/","og_locale":"es_ES","og_type":"article","og_title":"Contact - Central de Seguros Ecuador","og_description":"Es un gusto ayudarle, d\u00e9jenos sus comentarios y dudas. COTIZA AHORA \u00bfLISTO PARA VIVIR UNA VIDA\u00a0 SIN PREOCUPACIONES?Complete el formulario y obtenga su propuesta personalizada en minutos.[Formulario de atenci\u00f3n]\u00bfPrefieres inmediata? Escr\u00edbenos por WhatsApp o ll\u00e1manos. Mas Informaci\u00f3n CONTACTO Direcci\u00f3n: Guayaquil, Cdla. Guayaquil, Mz. 2 Solar 6, 2do Piso Tel\u00e9fono, WhatsApp 0984582190, leonel.cedeno@centraldesegurosecuador.com\u00a0 y enlaces a redes sociales Horarios de atenci\u00f3n","og_url":"https:\/\/centraldesegurosecuador.com\/wp\/contact\/","og_site_name":"Central de Seguros Ecuador","article_modified_time":"2026-01-07T23:22:01+00:00","twitter_card":"summary_large_image","schema":{"@context":"https:\/\/schema.org","@graph":[{"@type":"WebPage","@id":"https:\/\/centraldesegurosecuador.com\/wp\/contact\/","url":"https:\/\/centraldesegurosecuador.com\/wp\/contact\/","name":"Contact - Central de Seguros Ecuador","isPartOf":{"@id":"https:\/\/centraldesegurosecuador.com\/wp\/#website"},"datePublished":"2021-12-12T06:34:09+00:00","dateModified":"2026-01-07T23:22:01+00:00","breadcrumb":{"@id":"https:\/\/centraldesegurosecuador.com\/wp\/contact\/#breadcrumb"},"inLanguage":"es","potentialAction":[{"@type":"ReadAction","target":["https:\/\/centraldesegurosecuador.com\/wp\/contact\/"]}]},{"@type":"BreadcrumbList","@id":"https:\/\/centraldesegurosecuador.com\/wp\/contact\/#breadcrumb","itemListElement":[{"@type":"ListItem","position":1,"name":"Portada","item":"https:\/\/centraldesegurosecuador.com\/wp\/"},{"@type":"ListItem","position":2,"name":"Contact"}]},{"@type":"WebSite","@id":"https:\/\/centraldesegurosecuador.com\/wp\/#website","url":"https:\/\/centraldesegurosecuador.com\/wp\/","name":"Central de Seguros Ecuador","description":"Broker de Seguros","publisher":{"@id":"https:\/\/centraldesegurosecuador.com\/wp\/#organization"},"potentialAction":[{"@type":"SearchAction","target":{"@type":"EntryPoint","urlTemplate":"https:\/\/centraldesegurosecuador.com\/wp\/?s={search_term_string}"},"query-input":{"@type":"PropertyValueSpecification","valueRequired":true,"valueName":"search_term_string"}}],"inLanguage":"es"},{"@type":"Organization","@id":"https:\/\/centraldesegurosecuador.com\/wp\/#organization","name":"Central de Seguros Ecuador","url":"https:\/\/centraldesegurosecuador.com\/wp\/","logo":{"@type":"ImageObject","inLanguage":"es","@id":"https:\/\/centraldesegurosecuador.com\/wp\/#\/schema\/logo\/image\/","url":"https:\/\/centraldesegurosecuador.com\/wp\/wp-content\/uploads\/2021\/12\/cropped-logotpios-listosD.png","contentUrl":"https:\/\/centraldesegurosecuador.com\/wp\/wp-content\/uploads\/2021\/12\/cropped-logotpios-listosD.png","width":2225,"height":637,"caption":"Central de Seguros Ecuador"},"image":{"@id":"https:\/\/centraldesegurosecuador.com\/wp\/#\/schema\/logo\/image\/"}}]}},"_links":{"self":[{"href":"https:\/\/centraldesegurosecuador.com\/wp\/wp-json\/wp\/v2\/pages\/71","targetHints":{"allow":["GET"]}}],"collection":[{"href":"https:\/\/centraldesegurosecuador.com\/wp\/wp-json\/wp\/v2\/pages"}],"about":[{"href":"https:\/\/centraldesegurosecuador.com\/wp\/wp-json\/wp\/v2\/types\/page"}],"author":[{"embeddable":true,"href":"https:\/\/centraldesegurosecuador.com\/wp\/wp-json\/wp\/v2\/users\/1"}],"replies":[{"embeddable":true,"href":"https:\/\/centraldesegurosecuador.com\/wp\/wp-json\/wp\/v2\/comments?post=71"}],"version-history":[{"count":33,"href":"https:\/\/centraldesegurosecuador.com\/wp\/wp-json\/wp\/v2\/pages\/71\/revisions"}],"predecessor-version":[{"id":1208,"href":"https:\/\/centraldesegurosecuador.com\/wp\/wp-json\/wp\/v2\/pages\/71\/revisions\/1208"}],"wp:attachment":[{"href":"https:\/\/centraldesegurosecuador.com\/wp\/wp-json\/wp\/v2\/media?parent=71"}],"curies":[{"name":"wp","href":"https:\/\/api.w.org\/{rel}","templated":true}]}}